{"id":2,"date":"2025-10-13T15:04:24","date_gmt":"2025-10-13T15:04:24","guid":{"rendered":"https:\/\/electrosousa.pt\/?page_id=2"},"modified":"2025-10-14T15:51:35","modified_gmt":"2025-10-14T15:51:35","slug":"sample-page","status":"publish","type":"page","link":"https:\/\/electrosousa.pt\/","title":{"rendered":"Home"},"content":{"rendered":"\n\n\n\n<p>Loja especializada em venda e assist\u00eancia t\u00e9cnica de electrodom\u00e9sticos, oferecendo produtos de alta qualidade das melhores marcas do mercado. A nossa equipa t\u00e9cnica est\u00e1 capacitada para realizar repara\u00e7\u00f5es, manuten\u00e7\u00e3o e instala\u00e7\u00e3o de diversos equipamentos, garantindo um funcionamento eficiente e duradouro.<\/p>\n\n<p>Disponibilizamos tamb\u00e9m instala\u00e7\u00f5es el\u00e9ctricas completas para resid\u00eancias, com\u00e9rcios e ind\u00fastrias, utilizando materiais el\u00e9ctricos certificados e de primeira qualidade. Trabalhamos com todo o tipo de material el\u00e9ctrico, desde fios, cabos, pain\u00e9is, at\u00e9 dispositivos de protec\u00e7\u00e3o, assegurando seguran\u00e7a e desempenho nas suas instala\u00e7\u00f5es.<\/p>\n\n<p>Conte connosco para solu\u00e7\u00f5es r\u00e1pidas, seguras e integradas em electrodom\u00e9sticos e infraestruturas el\u00e9ctricas, respondendo \u00e0s suas necessidades com profissionalismo e compromisso.<\/p>\n\n<p><\/p>\n\n\n","protected":false},"excerpt":{"rendered":"","protected":false},"author":1,"featured_media":0,"parent":0,"menu_order":0,"comment_status":"closed","ping_status":"closed","template":"","meta":{"pagelayer_contact_templates":[],"_pagelayer_content":"","footnotes":""},"class_list":["post-2","page","type-page","status-publish","hentry"],"_links":{"self":[{"href":"https:\/\/electrosousa.pt\/index.php?rest_route=\/wp\/v2\/pages\/2","targetHints":{"allow":["GET"]}}],"collection":[{"href":"https:\/\/electrosousa.pt\/index.php?rest_route=\/wp\/v2\/pages"}],"about":[{"href":"https:\/\/electrosousa.pt\/index.php?rest_route=\/wp\/v2\/types\/page"}],"author":[{"embeddable":true,"href":"https:\/\/electrosousa.pt\/index.php?rest_route=\/wp\/v2\/users\/1"}],"replies":[{"embeddable":true,"href":"https:\/\/electrosousa.pt\/index.php?rest_route=%2Fwp%2Fv2%2Fcomments&post=2"}],"version-history":[{"count":2,"href":"https:\/\/electrosousa.pt\/index.php?rest_route=\/wp\/v2\/pages\/2\/revisions"}],"predecessor-version":[{"id":126,"href":"https:\/\/electrosousa.pt\/index.php?rest_route=\/wp\/v2\/pages\/2\/revisions\/126"}],"wp:attachment":[{"href":"https:\/\/electrosousa.pt\/index.php?rest_route=%2Fwp%2Fv2%2Fmedia&parent=2"}],"curies":[{"name":"wp","href":"https:\/\/api.w.org\/{rel}","templated":true}]}}